{"id":10,"date":"2023-12-12T15:50:46","date_gmt":"2023-12-12T15:50:46","guid":{"rendered":"https:\/\/lesmetalliers.com\/index.php\/cart\/"},"modified":"2024-08-09T17:22:26","modified_gmt":"2024-08-09T17:22:26","slug":"cart","status":"publish","type":"page","link":"https:\/\/lesmetalliers.com\/index.php\/fr\/cart\/","title":{"rendered":"Panier"},"content":{"rendered":"\r\n<div class=\"wp-block-woocommerce-cart alignwide is-loading\">\r\n<div data-block-name=\"woocommerce\/filled-cart-block\" class=\"wp-block-woocommerce-filled-cart-block\">\r\n<div data-block-name=\"woocommerce\/cart-items-block\" class=\"wp-block-woocommerce-cart-items-block\">\r\n<div data-block-name=\"woocommerce\/cart-line-items-block\" class=\"wp-block-woocommerce-cart-line-items-block\">\u00a0<\/div>\r\n\r\n\r\n\r\n<div data-block-name=\"woocommerce\/cart-cross-sells-block\" class=\"wp-block-woocommerce-cart-cross-sells-block\">\r\n<p>Vous pourriez \u00eatre int\u00e9ress\u00e9 par&#8230;<\/p>\r\n<p>&nbsp;<\/p>\r\n<p>&nbsp;<\/p>\r\n<p>&nbsp;<\/p>\r\n<p>&nbsp;<\/p>\r\n<p>&nbsp;<\/p>\r\n<p>&nbsp;<\/p>\r\n<p>&nbsp;<\/p>\r\n<p>&nbsp;<\/p>\r\n<p>&nbsp;<\/p>\r\n<p>&nbsp;<\/p>\r\n<p><br \/>Votre panier est actuellement vide !<\/p>\r\n<\/div>\r\n<\/div>\r\n<\/div>\r\n<div class=\"wp-block-woocommerce-empty-cart-block\">\r\n\r\n<hr class=\"wp-block-separator has-alpha-channel-opacity is-style-dots\" \/>\r\n\r\n\r\n<h2 class=\"wp-block-heading has-text-align-center\">Nouveau \u00e0 l&#8217;atelier<\/h2>\r\n\r\n\r\n<div data-block-name=\"woocommerce\/product-new\" data-columns=\"4\" data-rows=\"1\" class=\"wc-block-grid wp-block-product-new wp-block-woocommerce-product-new wc-block-product-new has-4-columns\"><ul class=\"wc-block-grid__products\"><li class=\"wc-block-grid__product\">\n\t\t\t\t<a href=\"https:\/\/lesmetalliers.com\/index.php\/product\/porte-coulissante\/\" class=\"wc-block-grid__product-link\">\n\t\t\t\t\t\n\t\t\t\t\t<div class=\"wc-block-grid__product-image\"><img loading=\"lazy\" decoding=\"async\" width=\"300\" height=\"300\" src=\"https:\/\/lesmetalliers.com\/wp-content\/uploads\/2024\/02\/P1040506-1-300x300.jpg\" class=\"attachment-woocommerce_thumbnail size-woocommerce_thumbnail\" alt=\"Porte coulissante\" srcset=\"https:\/\/lesmetalliers.com\/wp-content\/uploads\/2024\/02\/P1040506-1-300x300.jpg 300w, https:\/\/lesmetalliers.com\/wp-content\/uploads\/2024\/02\/P1040506-1-150x150.jpg 150w, https:\/\/lesmetalliers.com\/wp-content\/uploads\/2024\/02\/P1040506-1-100x100.jpg 100w\" sizes=\"auto, (max-width: 300px) 100vw, 300px\" \/><\/div>\n\t\t\t\t\t<div class=\"wc-block-grid__product-title\">Porte coulissante<\/div>\n\t\t\t\t<\/a>\n\t\t\t\t<div class=\"wc-block-grid__product-price price\"><span class=\"woocommerce-Price-amount amount\"><span class=\"woocommerce-Price-currencySymbol\">&#036;<\/span>100.00<\/span><\/div>\n\t\t\t\t\n\t\t\t\t<div class=\"wp-block-button wc-block-grid__product-add-to-cart\"><a href=\"https:\/\/lesmetalliers.com\/index.php\/product\/porte-coulissante\/\" aria-label=\"Add to cart: &ldquo;Porte coulissante&rdquo;\" data-quantity=\"1\" data-product_id=\"1119\" data-product_sku=\"\" data-price=\"100\" rel=\"nofollow\" class=\"wp-block-button__link  add_to_cart_button\">Select options<\/a><\/div>\n\t\t\t<\/li><li class=\"wc-block-grid__product\">\n\t\t\t\t<a href=\"https:\/\/lesmetalliers.com\/index.php\/product\/1063\/\" class=\"wc-block-grid__product-link\">\n\t\t\t\t\t\n\t\t\t\t\t<div class=\"wc-block-grid__product-image\"><img loading=\"lazy\" decoding=\"async\" width=\"300\" height=\"300\" src=\"https:\/\/lesmetalliers.com\/wp-content\/uploads\/2024\/02\/20150717_113157-scaled-300x300.jpg\" class=\"attachment-woocommerce_thumbnail size-woocommerce_thumbnail\" alt=\"Portes Fran\u00e7aise\" srcset=\"https:\/\/lesmetalliers.com\/wp-content\/uploads\/2024\/02\/20150717_113157-scaled-300x300.jpg 300w, https:\/\/lesmetalliers.com\/wp-content\/uploads\/2024\/02\/20150717_113157-scaled-100x100.jpg 100w, https:\/\/lesmetalliers.com\/wp-content\/uploads\/2024\/02\/20150717_113157-150x150.jpg 150w\" sizes=\"auto, (max-width: 300px) 100vw, 300px\" \/><\/div>\n\t\t\t\t\t<div class=\"wc-block-grid__product-title\">Portes Fran\u00e7aise<\/div>\n\t\t\t\t<\/a>\n\t\t\t\t<div class=\"wc-block-grid__product-price price\"><span class=\"woocommerce-Price-amount amount\"><span class=\"woocommerce-Price-currencySymbol\">&#036;<\/span>100.00<\/span><\/div>\n\t\t\t\t\n\t\t\t\t<div class=\"wp-block-button wc-block-grid__product-add-to-cart\"><a href=\"https:\/\/lesmetalliers.com\/index.php\/product\/1063\/\" aria-label=\"Add to cart: &ldquo;Portes Fran\u00e7aise&rdquo;\" data-quantity=\"1\" data-product_id=\"1063\" data-product_sku=\"\" data-price=\"100\" rel=\"nofollow\" class=\"wp-block-button__link  add_to_cart_button\">Select options<\/a><\/div>\n\t\t\t<\/li><\/ul><\/div><\/div>\r\n<\/div>\r\n<!-- \/wp:woocommerce\/cart --><!-- wp:post-content --><!-- wp:woocommerce\/cart -->\r\n<div class=\"wp-block-woocommerce-cart alignwide is-loading\"><!-- wp:woocommerce\/filled-cart-block -->\r\n<div class=\"wp-block-woocommerce-filled-cart-block\"><!-- wp:woocommerce\/cart-items-block -->\r\n<div class=\"wp-block-woocommerce-cart-items-block\"><!-- wp:woocommerce\/cart-line-items-block -->\r\n<div class=\"wp-block-woocommerce-cart-line-items-block\">\u00a0<\/div>\r\n<!-- \/wp:woocommerce\/cart-line-items-block -->\r\n\r\n<!-- wp:woocommerce\/cart-cross-sells-block -->\r\n<div class=\"wp-block-woocommerce-cart-cross-sells-block\"><!-- wp:heading {\"fontSize\":\"large\"} -->\r\n<p>Vous pourriez \u00eatre int\u00e9ress\u00e9 par&#8230;<\/p>\r\n<p>&nbsp;<\/p>\r\n<p>&nbsp;<\/p>\r\n<p>&nbsp;<\/p>\r\n<p>&nbsp;<\/p>\r\n<p>&nbsp;<\/p>\r\n<p>&nbsp;<\/p>\r\n<p>&nbsp;<\/p>\r\n<p>&nbsp;<\/p>\r\n<p>&nbsp;<\/p>\r\n<p>&nbsp;<\/p>\r\n<p><br \/>Votre panier est actuellement vide !<\/p>\r\n<\/div>\r\n<\/div>\r\n<\/div>\r\n<div class=\"wp-block-woocommerce-empty-cart-block\"><!-- \/wp:heading -->\r\n\r\n<!-- wp:separator {\"className\":\"is-style-dots\"} --><hr class=\"wp-block-separator has-alpha-channel-opacity is-style-dots\" \/><!-- \/wp:separator -->\r\n\r\n<!-- wp:heading {\"textAlign\":\"center\"} -->\r\n<h2 class=\"wp-block-heading has-text-align-center\">Nouveau \u00e0 l&#8217;atelier<\/h2>\r\n<!-- \/wp:heading -->\r\n\r\n<!-- wp:woocommerce\/product-new {\"columns\":4,\"rows\":1} \/--><\/div>\r\n<!-- \/wp:woocommerce\/empty-cart-block --><\/div>\r\n<!-- \/wp:woocommerce\/cart --><!-- \/wp:post-content -->","protected":false},"excerpt":{"rendered":"\u00a0 Vous pourriez \u00eatre int\u00e9ress\u00e9 par... &nbsp; &nbsp; &nbsp; &nbsp; &nbsp; &nbsp; &nbsp; &nbsp; &nbsp; &nbsp; Votre panier est actuellement vide ! Nouveau \u00e0 l'atelier","protected":false},"author":1,"featured_media":0,"parent":0,"menu_order":0,"comment_status":"closed","ping_status":"closed","template":"page-templates\/full-width.php","meta":{"footnotes":""},"class_list":["post-10","page","type-page","status-publish","hentry"],"_links":{"self":[{"href":"https:\/\/lesmetalliers.com\/index.php\/wp-json\/wp\/v2\/pages\/10","targetHints":{"allow":["GET"]}}],"collection":[{"href":"https:\/\/lesmetalliers.com\/index.php\/wp-json\/wp\/v2\/pages"}],"about":[{"href":"https:\/\/lesmetalliers.com\/index.php\/wp-json\/wp\/v2\/types\/page"}],"author":[{"embeddable":true,"href":"https:\/\/lesmetalliers.com\/index.php\/wp-json\/wp\/v2\/users\/1"}],"replies":[{"embeddable":true,"href":"https:\/\/lesmetalliers.com\/index.php\/wp-json\/wp\/v2\/comments?post=10"}],"version-history":[{"count":3,"href":"https:\/\/lesmetalliers.com\/index.php\/wp-json\/wp\/v2\/pages\/10\/revisions"}],"predecessor-version":[{"id":1170,"href":"https:\/\/lesmetalliers.com\/index.php\/wp-json\/wp\/v2\/pages\/10\/revisions\/1170"}],"wp:attachment":[{"href":"https:\/\/lesmetalliers.com\/index.php\/wp-json\/wp\/v2\/media?parent=10"}],"curies":[{"name":"wp","href":"https:\/\/api.w.org\/{rel}","templated":true}]}}