{"id":936,"date":"2014-07-22T15:32:32","date_gmt":"2014-07-22T15:32:32","guid":{"rendered":"http:\/\/seventhqueen.com\/demo\/kleo\/?page_id=936"},"modified":"2024-08-09T17:22:14","modified_gmt":"2024-08-09T17:22:14","slug":"home-shop","status":"publish","type":"page","link":"https:\/\/lesmetalliers.com\/index.php\/fr\/home-shop\/","title":{"rendered":"Accueil"},"content":{"rendered":"<p>[vc_row inner_container=&#8221;no&#8221; text_align=&#8221;center&#8221; padding_top=&#8221;0&#8243; padding_bottom=&#8221;0&#8243; border=&#8221;bottom&#8221;][vc_column][rev_slider_vc alias=&#8221;HomeFullwidth&#8221;][\/vc_column][\/vc_row][vc_row el_id=&#8221;about&#8221;][vc_column width=&#8221;1\/2&#8243;][vc_single_image image=&#8221;1085&#8243; img_size=&#8221;full&#8221; full_width=&#8221;yes&#8221;][\/vc_column][vc_column width=&#8221;1\/2&#8243;][vc_tta_tour style=&#8221;flat&#8221; color=&#8221;white&#8221; tab_position=&#8221;right&#8221; active_section=&#8221;1&#8243;][vc_tta_section tab_id=&#8221;1707413696059-93a51f35-ba8c&#8221; title=&#8221;Historique&#8221;][vc_custom_heading text=&#8221;\u00c0 Propos&#8221; font_container=&#8221;tag:h2|font_size:36px|text_align:left&#8221; google_fonts=&#8221;font_family:Roboto%3A100%2C100italic%2C300%2C300italic%2Cregular%2Citalic%2C500%2C500italic%2C700%2C700italic%2C900%2C900italic|font_style:500%20bold%20regular%3A500%3Anormal&#8221;][vc_column_text font_size=&#8221;13pt&#8221;]<\/p>\n<p style=\"text-align: justify;\">Expert en Restauration du Patrimoine, M\u00e9tallerie Architecturale et Cr\u00e9ations de Ferronnerie d&#8217;Art sur Mesure.<\/p>\n<p style=\"text-align: justify;\">Depuis plus de 15 ans, Les M\u00e9talliers se sp\u00e9cialise dans le domaine de la restauration du patrimoine, de la m\u00e9tallerie architecturale et de la ferronnerie d\u2019art. Nos clients proviennent des agences gouvernementales et des organisations patrimoniales, du secteur institutionnel, commercial, des entreprises de construction et de r\u00e9novation sp\u00e9cialis\u00e9es, des architectes et des designers d&#8217;int\u00e9rieur, des propri\u00e9taires de b\u00e2timents historiques et de propri\u00e9t\u00e9s patrimoniales, des mus\u00e9es et des galeries d&#8217;art, ainsi que des h\u00f4tels de luxe et des complexes r\u00e9sidentiels haut de gamme du Qu\u00e9bec, de l\u2019Ontario et \u00e0 l\u2019international.<\/p>\n<p>[\/vc_column_text][\/vc_tta_section][vc_tta_section tab_id=&#8221;1707413696039-e96bef9a-d1e3&#8243; title=&#8221;Notre \u00e9quipe&#8221;][vc_column_text font_size=&#8221;13pt&#8221;]<\/p>\n<p style=\"text-align: justify;\">L\u2019entreprise compte une \u00e9quipe qualifi\u00e9e, dot\u00e9e de comp\u00e9tences pointues et diversifi\u00e9es qui nous distingue dans notre domaine. Mariant technologies de pointe et savoir-faire ancestral, nos \u00e9quipes sont hautement qualifi\u00e9es pour la r\u00e9alit\u00e9 d\u2019aujourd\u2019hui. Nous sommes fiers de notre expertise en gestion de projet, notre habilet\u00e9 sur le chantier, ainsi que de la qualit\u00e9 de nos livraisons et services apr\u00e8s-vente.<\/p>\n<p style=\"text-align: justify;\">Reconnue pour son agilit\u00e9 face aux projets complexes et hors normes, Forges Urbaines r\u00e9pond aux besoins de sa client\u00e8le dans les d\u00e9lais les plus courts de l\u2019industrie et livre des produits avec des sp\u00e9cifications de fabrication tr\u00e8s pr\u00e9cises, selon les normes les plus \u00e9lev\u00e9es de l\u2019industrie.<\/p>\n<p style=\"text-align: justify;\">Situ\u00e9e au c\u0153ur de Montr\u00e9al, l\u2019entreprise compte une \u00e9quipe de pr\u00e8s de 16 employ\u00e9s qualifi\u00e9s qui \u0153uvrent avec une technologie de pointe au c\u0153ur d\u2019une usine de fabrication de pr\u00e8s de 20 000 pieds carr\u00e9s.<\/p>\n<p>[\/vc_column_text][\/vc_tta_section][\/vc_tta_tour][\/vc_column][\/vc_row][vc_row type=&#8221;color&#8221; bg_color=&#8221;#dddddd&#8221; padding_top=&#8221;20&#8243; padding_bottom=&#8221;20&#8243; el_class=&#8221;grey&#8221;][vc_column]<div  class=\"kleo-gap\" style=\"height:20px;line-height:20px;\"><\/div>[vc_custom_heading text=&#8221;Nos Produits&#8221; font_container=&#8221;tag:h2|font_size:18px|text_align:left|color:%23030303&#8243; google_fonts=&#8221;font_family:Roboto%3A100%2C100italic%2C300%2C300italic%2Cregular%2Citalic%2C500%2C500italic%2C700%2C700italic%2C900%2C900italic|font_style:400%20regular%3A400%3Anormal&#8221;]<div class=\"woocommerce columns-4 \"><ul class=\"products\"><li class=\"animated animate-when-almost-visible el-appear post-1119 product type-product status-publish has-post-thumbnail product_cat-portes-en product_cat-sliding-door-en product_cat-square-en first instock featured taxable shipping-taxable purchasable product-type-simple\">\r\n\t<div class=\"product-loop-inner\">\r\n\t\t<figure class=\"product-transition-single\">\r\n\t\t\t\r\n\t\t\t<a href=\"https:\/\/lesmetalliers.com\/index.php\/product\/porte-coulissante\/\">\r\n\r\n\t\t\t\t<div class=\"kleo-woo-image kleo-woo-front-image\"><img loading=\"lazy\" decoding=\"async\" width=\"300\" height=\"300\" src=\"https:\/\/lesmetalliers.com\/wp-content\/uploads\/2024\/02\/P1040506-1-300x300.jpg\" class=\"attachment-woocommerce_thumbnail size-woocommerce_thumbnail\" alt=\"Porte coulissante\" srcset=\"https:\/\/lesmetalliers.com\/wp-content\/uploads\/2024\/02\/P1040506-1-300x300.jpg 300w, https:\/\/lesmetalliers.com\/wp-content\/uploads\/2024\/02\/P1040506-1-150x150.jpg 150w, https:\/\/lesmetalliers.com\/wp-content\/uploads\/2024\/02\/P1040506-1-100x100.jpg 100w\" sizes=\"auto, (max-width: 300px) 100vw, 300px\" \/><\/div>\r\n\t\t\t<\/a>\r\n\r\n\t\t\t\t\t\t<figcaption>\r\n\t\t\t\t<div class=\"shop-actions clearfix\">\r\n\t\t\t\t\r\n\t\t\t\t\t<a href=\"https:\/\/lesmetalliers.com\/index.php\/product\/porte-coulissante\/\" aria-describedby=\"woocommerce_loop_add_to_cart_link_describedby_1119\" data-quantity=\"1\" class=\"button product_type_simple add_to_cart_button\" data-product_id=\"1119\" data-product_sku=\"\" aria-label=\"Add to cart: &ldquo;Porte coulissante&rdquo;\" rel=\"nofollow\" data-success_message=\"&ldquo;Porte coulissante&rdquo; has been added to your cart\">Select options<\/a>\t<span id=\"woocommerce_loop_add_to_cart_link_describedby_1119\" class=\"screen-reader-text\">\n\t\t\t<\/span>\n<div class=\"quick-view hover-tip\" data-prod=\"1119\">Quick View<\/div>\t\t\t\t\t\r\n\t\t\t\t<\/div>\r\n\t\t\t<\/figcaption>\r\n\t\t\t\t\t<\/figure>\r\n\r\n\t\t<div class=\"product-details\">\r\n\t\t\t<span class=\"posted_in\"> <a href=\"https:\/\/lesmetalliers.com\/index.php\/product-category\/portes-en\/\" rel=\"tag\">Portes<\/a>, <a href=\"https:\/\/lesmetalliers.com\/index.php\/product-category\/sliding-door-en\/\" rel=\"tag\">Sliding door-en<\/a>, <a href=\"https:\/\/lesmetalliers.com\/index.php\/product-category\/square-en\/\" rel=\"tag\">square-en<\/a><\/span><h3><a href=\"https:\/\/lesmetalliers.com\/index.php\/product\/porte-coulissante\/\">Porte coulissante<\/a><\/h3>\t\t<\/div>\r\n\r\n\t\t\n\t<span class=\"price\"><span class=\"woocommerce-Price-amount amount\"><bdi><span class=\"woocommerce-Price-currencySymbol\">&#36;<\/span>100.00<\/bdi><\/span><\/span>\n\t<\/div>\r\n<\/li><li class=\"animated animate-when-almost-visible el-appear post-1063 product type-product status-publish has-post-thumbnail product_cat-portes-en product_cat-rounded-en  instock featured taxable shipping-taxable purchasable product-type-simple\">\r\n\t<div class=\"product-loop-inner\">\r\n\t\t<figure class=\"product-transition-default\">\r\n\t\t\t\r\n\t\t\t<a href=\"https:\/\/lesmetalliers.com\/index.php\/product\/1063\/\">\r\n\r\n\t\t\t\t<div class=\"kleo-woo-image kleo-woo-front-image\"><img loading=\"lazy\" decoding=\"async\" width=\"300\" height=\"300\" src=\"https:\/\/lesmetalliers.com\/wp-content\/uploads\/2024\/02\/20150717_113157-scaled-300x300.jpg\" class=\"attachment-woocommerce_thumbnail size-woocommerce_thumbnail\" alt=\"Portes Fran\u00e7aise\" srcset=\"https:\/\/lesmetalliers.com\/wp-content\/uploads\/2024\/02\/20150717_113157-scaled-300x300.jpg 300w, https:\/\/lesmetalliers.com\/wp-content\/uploads\/2024\/02\/20150717_113157-scaled-100x100.jpg 100w, https:\/\/lesmetalliers.com\/wp-content\/uploads\/2024\/02\/20150717_113157-150x150.jpg 150w\" sizes=\"auto, (max-width: 300px) 100vw, 300px\" \/><\/div><div class=\"kleo-woo-image kleo-woo-back-image\"><img loading=\"lazy\" decoding=\"async\" width=\"680\" height=\"1024\" src=\"https:\/\/lesmetalliers.com\/wp-content\/uploads\/2024\/02\/DSC_0032_preview1.jpeg-1.jpg\" class=\"attachment-shop_catalog size-shop_catalog\" alt=\"\" srcset=\"https:\/\/lesmetalliers.com\/wp-content\/uploads\/2024\/02\/DSC_0032_preview1.jpeg-1.jpg 680w, https:\/\/lesmetalliers.com\/wp-content\/uploads\/2024\/02\/DSC_0032_preview1.jpeg-1-600x904.jpg 600w, https:\/\/lesmetalliers.com\/wp-content\/uploads\/2024\/02\/DSC_0032_preview1.jpeg-1-199x300.jpg 199w, https:\/\/lesmetalliers.com\/wp-content\/uploads\/2024\/02\/DSC_0032_preview1.jpeg-1-672x1012.jpg 672w\" sizes=\"auto, (max-width: 680px) 100vw, 680px\" \/><\/div>\r\n\t\t\t<\/a>\r\n\r\n\t\t\t\t\t\t<figcaption>\r\n\t\t\t\t<div class=\"shop-actions clearfix\">\r\n\t\t\t\t\r\n\t\t\t\t\t<a href=\"https:\/\/lesmetalliers.com\/index.php\/product\/1063\/\" aria-describedby=\"woocommerce_loop_add_to_cart_link_describedby_1063\" data-quantity=\"1\" class=\"button product_type_simple add_to_cart_button\" data-product_id=\"1063\" data-product_sku=\"\" aria-label=\"Add to cart: &ldquo;Portes Fran\u00e7aise&rdquo;\" rel=\"nofollow\" data-success_message=\"&ldquo;Portes Fran\u00e7aise&rdquo; has been added to your cart\">Select options<\/a>\t<span id=\"woocommerce_loop_add_to_cart_link_describedby_1063\" class=\"screen-reader-text\">\n\t\t\t<\/span>\n<div class=\"quick-view hover-tip\" data-prod=\"1063\">Quick View<\/div>\t\t\t\t\t\r\n\t\t\t\t<\/div>\r\n\t\t\t<\/figcaption>\r\n\t\t\t\t\t<\/figure>\r\n\r\n\t\t<div class=\"product-details\">\r\n\t\t\t<span class=\"posted_in\"> <a href=\"https:\/\/lesmetalliers.com\/index.php\/product-category\/portes-en\/\" rel=\"tag\">Portes<\/a>, <a href=\"https:\/\/lesmetalliers.com\/index.php\/product-category\/rounded-en\/\" rel=\"tag\">Rounded-en<\/a><\/span><h3><a href=\"https:\/\/lesmetalliers.com\/index.php\/product\/1063\/\">Portes Fran\u00e7aise<\/a><\/h3>\t\t<\/div>\r\n\r\n\t\t\n\t<span class=\"price\"><span class=\"woocommerce-Price-amount amount\"><bdi><span class=\"woocommerce-Price-currencySymbol\">&#36;<\/span>100.00<\/bdi><\/span><\/span>\n\t<\/div>\r\n<\/li><\/ul>\n<\/div>[vc_custom_heading text=&#8221;Cat\u00e9gorie&#8221; font_container=&#8221;tag:h2|font_size:18px|text_align:left|color:%23030303&#8243; google_fonts=&#8221;font_family:Roboto%3A100%2C100italic%2C300%2C300italic%2Cregular%2Citalic%2C500%2C500italic%2C700%2C700italic%2C900%2C900italic|font_style:400%20regular%3A400%3Anormal&#8221;]<div class=\"woocommerce columns-4\"><ul class=\"products\"><li class=\"product-category product first\">\n\t<a aria-label=\"Visit product category Rounded-en\" href=\"https:\/\/lesmetalliers.com\/index.php\/product-category\/rounded-en\/\"><img loading=\"lazy\" decoding=\"async\" src=\"https:\/\/lesmetalliers.com\/wp-content\/uploads\/2024\/02\/20150717_113157-2-scaled-300x300.jpg\" alt=\"Rounded-en\" width=\"300\" height=\"300\" srcset=\"https:\/\/lesmetalliers.com\/wp-content\/uploads\/2024\/02\/20150717_113157-2-scaled-300x300.jpg 300w, https:\/\/lesmetalliers.com\/wp-content\/uploads\/2024\/02\/20150717_113157-2-scaled-100x100.jpg 100w, https:\/\/lesmetalliers.com\/wp-content\/uploads\/2024\/02\/20150717_113157-2-150x150.jpg 150w\" sizes=\"auto, (max-width: 300px) 100vw, 300px\" \/>\t\t<h2 class=\"woocommerce-loop-category__title\">\n\t\t\tRounded-en <mark class=\"count\">1 Products<\/mark>\t\t<\/h2>\n\t\t<\/a><\/li>\n<li class=\"product-category product\">\n\t<a aria-label=\"Visit product category square-en\" href=\"https:\/\/lesmetalliers.com\/index.php\/product-category\/square-en\/\"><img loading=\"lazy\" decoding=\"async\" src=\"https:\/\/lesmetalliers.com\/wp-content\/uploads\/2024\/02\/20150717_113102-2-scaled-300x300.jpg\" alt=\"square-en\" width=\"300\" height=\"300\" srcset=\"https:\/\/lesmetalliers.com\/wp-content\/uploads\/2024\/02\/20150717_113102-2-scaled-300x300.jpg 300w, https:\/\/lesmetalliers.com\/wp-content\/uploads\/2024\/02\/20150717_113102-2-scaled-100x100.jpg 100w, https:\/\/lesmetalliers.com\/wp-content\/uploads\/2024\/02\/20150717_113102-2-150x150.jpg 150w\" sizes=\"auto, (max-width: 300px) 100vw, 300px\" \/>\t\t<h2 class=\"woocommerce-loop-category__title\">\n\t\t\tsquare-en <mark class=\"count\">1 Products<\/mark>\t\t<\/h2>\n\t\t<\/a><\/li>\n<li class=\"product-category product\">\n\t<a aria-label=\"Visit product category walls-en\" href=\"https:\/\/lesmetalliers.com\/index.php\/product-category\/walls-en\/\"><img loading=\"lazy\" decoding=\"async\" src=\"https:\/\/lesmetalliers.com\/wp-content\/uploads\/2024\/02\/black-metal-door-03-1-300x300.png\" alt=\"walls-en\" width=\"300\" height=\"300\" srcset=\"https:\/\/lesmetalliers.com\/wp-content\/uploads\/2024\/02\/black-metal-door-03-1-300x300.png 300w, https:\/\/lesmetalliers.com\/wp-content\/uploads\/2024\/02\/black-metal-door-03-1-100x100.png 100w, https:\/\/lesmetalliers.com\/wp-content\/uploads\/2024\/02\/black-metal-door-03-1-150x150.png 150w\" sizes=\"auto, (max-width: 300px) 100vw, 300px\" \/>\t\t<h2 class=\"woocommerce-loop-category__title\">\n\t\t\twalls-en\t\t<\/h2>\n\t\t<\/a><\/li>\n<li class=\"product-category product last\">\n\t<a aria-label=\"Visit product category Portes\" href=\"https:\/\/lesmetalliers.com\/index.php\/product-category\/portes-en\/\"><img loading=\"lazy\" decoding=\"async\" src=\"https:\/\/lesmetalliers.com\/wp-content\/uploads\/2024\/02\/P1040505-scaled-300x300.jpg\" alt=\"Portes\" width=\"300\" height=\"300\" srcset=\"https:\/\/lesmetalliers.com\/wp-content\/uploads\/2024\/02\/P1040505-scaled-300x300.jpg 300w, https:\/\/lesmetalliers.com\/wp-content\/uploads\/2024\/02\/P1040505-scaled-100x100.jpg 100w, https:\/\/lesmetalliers.com\/wp-content\/uploads\/2024\/02\/P1040505-150x150.jpg 150w\" sizes=\"auto, (max-width: 300px) 100vw, 300px\" \/>\t\t<h2 class=\"woocommerce-loop-category__title\">\n\t\t\tPortes <mark class=\"count\">2 Products<\/mark>\t\t<\/h2>\n\t\t<\/a><\/li>\n<\/ul>\n<\/div>[\/vc_column][\/vc_row][vc_row content_placement=&#8221;middle&#8221; text_align=&#8221;center&#8221;][vc_column][vc_btn title=&#8221;Contactez-nous&#8221; align=&#8221;center&#8221;][vc_empty_space height=&#8221;30px&#8221;][vc_row_inner gap=&#8221;15&#8243;][vc_column_inner width=&#8221;1\/3&#8243;][vc_icon icon_fontawesome=&#8221;fas fa-hammer&#8221; color=&#8221;custom&#8221; size=&#8221;lg&#8221; align=&#8221;center&#8221; custom_color=&#8221;#030303&#8243;][vc_custom_heading text=&#8221;Un projet?&#8221; font_container=&#8221;tag:h2|font_size:36px|text_align:center|color:%23030303&#8243; google_fonts=&#8221;font_family:Roboto%3A100%2C100italic%2C300%2C300italic%2Cregular%2Citalic%2C500%2C500italic%2C700%2C700italic%2C900%2C900italic|font_style:500%20bold%20regular%3A500%3Anormal&#8221; el_class=&#8221;black&#8221;][vc_column_text text_color=&#8221;#030303&#8243; font_size=&#8221;13px&#8221;]<\/p>\n<p style=\"text-align: left;\">Une bonne planification assure le succ\u00e8s de tout projet!<\/p>\n<p style=\"text-align: left;\">\u00c9tapes pr\u00e9alables \u00e0 la commande:<\/p>\n<ul>\n<li>Mesure des espaces<\/li>\n<li>Identification des surfaces de finition, plancher et\/ ou chantier<\/li>\n<li>Validation de capacit\u00e9 de r\u00e9ception du poids<\/li>\n<\/ul>\n<p style=\"text-align: left;\">Nos produits en m\u00e9tal ont \u00e9t\u00e9 con\u00e7us pour \u00eatre facile et rapide \u00e0 installer. Toutefois, une bonne pr\u00e9paration de l\u2019environnement o\u00f9 ils doivent \u00eatre install\u00e9s est n\u00e9cessaire. R\u00e9f\u00e9rez-vous au mesure de questions fr\u00e9quentes pour obtenir des informations sp\u00e9cifiques et\/ ou contactez un de nos experts pour valider vos besoins.<\/p>\n<p>[\/vc_column_text][\/vc_column_inner][vc_column_inner width=&#8221;1\/3&#8243;][vc_icon icon_fontawesome=&#8221;fas fa-user-alt&#8221; color=&#8221;custom&#8221; size=&#8221;lg&#8221; align=&#8221;center&#8221; custom_color=&#8221;#030303&#8243;][vc_custom_heading text=&#8221;Consultez nos experts&#8221; font_container=&#8221;tag:h2|font_size:36px|text_align:center|color:%23030303&#8243; google_fonts=&#8221;font_family:Roboto%3A100%2C100italic%2C300%2C300italic%2Cregular%2Citalic%2C500%2C500italic%2C700%2C700italic%2C900%2C900italic|font_style:500%20bold%20regular%3A500%3Anormal&#8221; el_class=&#8221;black&#8221;][vc_column_text text_color=&#8221;#030303&#8243; font_size=&#8221;13px&#8221;]<\/p>\n<p style=\"text-align: left;\">Nos experts vous accompagnent.<\/p>\n<p style=\"text-align: left;\">Non seulement vous achetez un produit, mais aussi un savoir-faire, une expertise, une qualit\u00e9 et une assurance d&#8217;ex\u00e9cution.<\/p>\n<p style=\"text-align: left;\">Notre \u00e9quipe fait le pont entre un produit fini et la r\u00e9alit\u00e9 du chantier, et nous mettons un point d&#8217;honneur \u00e0 la qualit\u00e9 de nos produits, \u00e0 leurs installations et \u00e0 la satisfaction de notre client\u00e8le.<\/p>\n<p style=\"text-align: left;\">Chaque d\u00e9tail de planification, de conception, de fabrication et d&#8217;installation est trait\u00e9 avec une grande minutie pour assurer une r\u00e9alisation rapide et la qualit\u00e9 qui fait notre renomm\u00e9e.<\/p>\n<p>[\/vc_column_text][\/vc_column_inner][vc_column_inner width=&#8221;1\/3&#8243;][vc_icon icon_fontawesome=&#8221;fas fa-question&#8221; color=&#8221;custom&#8221; size=&#8221;lg&#8221; align=&#8221;center&#8221; custom_color=&#8221;#030303&#8243;][vc_custom_heading text=&#8221;Questions fr\u00e9quentes&#8221; font_container=&#8221;tag:h2|font_size:36px|text_align:center|color:%23030303&#8243; google_fonts=&#8221;font_family:Roboto%3A100%2C100italic%2C300%2C300italic%2Cregular%2Citalic%2C500%2C500italic%2C700%2C700italic%2C900%2C900italic|font_style:500%20bold%20regular%3A500%3Anormal&#8221; el_class=&#8221;black&#8221;][vc_column_text text_color=&#8221;#030303&#8243; font_size=&#8221;13px&#8221;]<\/p>\n<p style=\"text-align: left;\">R\u00e9ponses \u00e0 vos questions ici:<\/p>\n<p style=\"text-align: left;\">&#8211; Planification, conception et design<\/p>\n<p style=\"text-align: left;\">&#8211; Choix des mat\u00e9riaux<\/p>\n<p style=\"text-align: left;\">&#8211; D\u00e9lai de livraison<\/p>\n<p style=\"text-align: left;\">Nos d\u00e9lais de livraison sont habituellement entre 3 et 6 semaines.\u00a0 Selon la saison, nos inventaires et des demandes de personnalisation, les d\u00e9lais peuvent varier.\u00a0 Un courriel de confirmation de votre commande vous sera envoy\u00e9 dans les 2 jours ouvrables et vous informera des d\u00e9lais de livraison.<\/p>\n<p>[\/vc_column_text][\/vc_column_inner][\/vc_row_inner][vc_empty_space height=&#8221;30px&#8221;][\/vc_column][\/vc_row][vc_row content_placement=&#8221;middle&#8221; text_align=&#8221;center&#8221;][vc_column][vc_empty_space height=&#8221;30px&#8221;][vc_row_inner gap=&#8221;15&#8243;][vc_column_inner][vc_custom_heading text=&#8221;Je veux prendre un RDV avec un charg\u00e9 de projet !&#8221; font_container=&#8221;tag:h2|font_size:36px|text_align:center|color:%23030303&#8243; google_fonts=&#8221;font_family:Roboto%3A100%2C100italic%2C300%2C300italic%2Cregular%2Citalic%2C500%2C500italic%2C700%2C700italic%2C900%2C900italic|font_style:500%20bold%20regular%3A500%3Anormal&#8221; el_class=&#8221;black&#8221;][vc_column_text]<!-- UseStrict's Calendly Embedder - Calendly inline widget start -->\n<div id=\"wpcalel-calendly-inline-1\"\n\tclass=\"calendly-inline-widget \" \n\tstyle=\"min-width:100%; height:650px; overflow-x:hidden;overflow-y:hidden\" \n\tdata-auto-load=\"false\"\n\tdata-wpcalel-type=\"inline\"\n\tdata-wpcalel-url=\"https:\/\/calendly.com\/lesmetalliers\/prendre-un-rdv-avec-un-de-nos-charges-de-projet\/\"\n\tdata-wpcalel-prefill=\"true\"\n\tdata-wpcalel-query-str=\"true\"\n\t\t\t\t\t\t\t\t\t\t\t\t\t\t\t\t\t\t\t\t\t\t\t\t\t\t\t\t\t\t\t\t\t\t\t\t\t\t\t\t\t\t\t\t\t\t\t\t\t\t\t\t\t \n>\n\t<div class=\"calendly-spinner\">\n\t\t<div class=\"calendly-bounce1\"><\/div><div class=\"calendly-bounce2\"><\/div><div class=\"calendly-bounce3\"><\/div>\n\t<\/div>\n<\/div>\n<!-- UseStrict's Calendly Embedder - Calendly inline widget end -->\n\t\t\t[\/vc_column_text][\/vc_column_inner][\/vc_row_inner][vc_empty_space height=&#8221;30px&#8221;][\/vc_column][\/vc_row][vc_row type=&#8221;image&#8221; bg_image=&#8221;993&#8243;][vc_column width=&#8221;1\/4&#8243; css=&#8221;.vc_custom_1709751432931{background-color: #fafafa !important;}&#8221;]\n<div class=\"wpcf7 no-js\" id=\"wpcf7-f7-o1\" lang=\"en-US\" dir=\"ltr\" data-wpcf7-id=\"7\">\n<div class=\"screen-reader-response\"><p role=\"status\" aria-live=\"polite\" aria-atomic=\"true\"><\/p> <ul><\/ul><\/div>\n<form action=\"\/index.php\/wp-json\/wp\/v2\/pages\/936#wpcf7-f7-o1\" method=\"post\" class=\"wpcf7-form init\" aria-label=\"Contact form\" novalidate=\"novalidate\" data-status=\"init\">\n<fieldset class=\"hidden-fields-container\"><input type=\"hidden\" name=\"_wpcf7\" value=\"7\" \/><input type=\"hidden\" name=\"_wpcf7_version\" value=\"6.1.2\" \/><input type=\"hidden\" name=\"_wpcf7_locale\" value=\"en_US\" \/><input type=\"hidden\" name=\"_wpcf7_unit_tag\" value=\"wpcf7-f7-o1\" \/><input type=\"hidden\" name=\"_wpcf7_container_post\" value=\"0\" \/><input type=\"hidden\" name=\"_wpcf7_posted_data_hash\" value=\"\" \/>\n<\/fieldset>\n<p><label> Nom<br \/>\n<span class=\"wpcf7-form-control-wrap\" data-name=\"your-name\"><input size=\"40\" maxlength=\"400\" class=\"wpcf7-form-control wpcf7-text wpcf7-validates-as-required\" autocomplete=\"name\" aria-required=\"true\" aria-invalid=\"false\" value=\"\" type=\"text\" name=\"your-name\" \/><\/span> <\/label>\n<\/p>\n<p><label> Email<br \/>\n<span class=\"wpcf7-form-control-wrap\" data-name=\"your-email\"><input size=\"40\" maxlength=\"400\" class=\"wpcf7-form-control wpcf7-email wpcf7-validates-as-required wpcf7-text wpcf7-validates-as-email\" autocomplete=\"email\" aria-required=\"true\" aria-invalid=\"false\" value=\"\" type=\"email\" name=\"your-email\" \/><\/span> <\/label>\n<\/p>\n<p><label> Sujet<br \/>\n<span class=\"wpcf7-form-control-wrap\" data-name=\"your-subject\"><input size=\"40\" maxlength=\"400\" class=\"wpcf7-form-control wpcf7-text wpcf7-validates-as-required\" aria-required=\"true\" aria-invalid=\"false\" value=\"\" type=\"text\" name=\"your-subject\" \/><\/span> <\/label>\n<\/p>\n<p><label> Votre message (optional)<br \/>\n<span class=\"wpcf7-form-control-wrap\" data-name=\"your-message\"><textarea cols=\"40\" rows=\"10\" maxlength=\"2000\" class=\"wpcf7-form-control wpcf7-textarea\" aria-invalid=\"false\" name=\"your-message\"><\/textarea><\/span> <\/label>\n<\/p>\n<p><input class=\"wpcf7-form-control wpcf7-submit has-spinner\" type=\"submit\" value=\"Sousmettre\" \/>\n<\/p><div class=\"wpcf7-response-output\" aria-hidden=\"true\"><\/div>\n<\/form>\n<\/div>\n[\/vc_column][vc_column width=&#8221;3\/4&#8243;][\/vc_column][\/vc_row]<\/p>\n","protected":false},"excerpt":{"rendered":"<p>[vc_row inner_container=&#8221;no&#8221; text_align=&#8221;center&#8221; padding_top=&#8221;0&#8243; padding_bottom=&#8221;0&#8243; border=&#8221;bottom&#8221;][vc_column][rev_slider_vc alias=&#8221;HomeFullwidth&#8221;][\/vc_column][\/vc_row][vc_row el_id=&#8221;about&#8221;][vc_column width=&#8221;1\/2&#8243;][vc_single_image image=&#8221;1085&#8243; img_size=&#8221;full&#8221; full_width=&#8221;yes&#8221;][\/vc_column][vc_column width=&#8221;1\/2&#8243;][vc_tta_tour style=&#8221;flat&#8221; color=&#8221;white&#8221; tab_position=&#8221;right&#8221; active_section=&#8221;1&#8243;][vc_tta_section tab_id=&#8221;1707413696059-93a51f35-ba8c&#8221; title=&#8221;Historique&#8221;][vc_custom_heading text=&#8221;\u00c0 Propos&#8221; font_container=&#8221;tag:h2|font_size:36px|text_align:left&#8221; google_fonts=&#8221;font_family:Roboto%3A100%2C100italic%2C300%2C300italic%2Cregular%2Citalic%2C500%2C500italic%2C700%2C700italic%2C900%2C900italic|font_style:500%20bold%20regular%3A500%3Anormal&#8221;][vc_column_text font_size=&#8221;13pt&#8221;] Expert en Restauration du Patrimoine, M\u00e9tallerie Architecturale et Cr\u00e9ations de Ferronnerie d&#8217;Art sur Mesure. Depuis plus de 15 ans, Les M\u00e9talliers se sp\u00e9cialise dans le domaine de la restauration du patrimoine, de la m\u00e9tallerie architecturale et [&hellip;]<\/p>\n","protected":false},"author":2,"featured_media":0,"parent":0,"menu_order":0,"comment_status":"open","ping_status":"closed","template":"page-templates\/full-width.php","meta":{"footnotes":""},"class_list":["post-936","page","type-page","status-publish","hentry"],"_links":{"self":[{"href":"https:\/\/lesmetalliers.com\/index.php\/wp-json\/wp\/v2\/pages\/936","targetHints":{"allow":["GET"]}}],"collection":[{"href":"https:\/\/lesmetalliers.com\/index.php\/wp-json\/wp\/v2\/pages"}],"about":[{"href":"https:\/\/lesmetalliers.com\/index.php\/wp-json\/wp\/v2\/types\/page"}],"author":[{"embeddable":true,"href":"https:\/\/lesmetalliers.com\/index.php\/wp-json\/wp\/v2\/users\/2"}],"replies":[{"embeddable":true,"href":"https:\/\/lesmetalliers.com\/index.php\/wp-json\/wp\/v2\/comments?post=936"}],"version-history":[{"count":65,"href":"https:\/\/lesmetalliers.com\/index.php\/wp-json\/wp\/v2\/pages\/936\/revisions"}],"predecessor-version":[{"id":1210,"href":"https:\/\/lesmetalliers.com\/index.php\/wp-json\/wp\/v2\/pages\/936\/revisions\/1210"}],"wp:attachment":[{"href":"https:\/\/lesmetalliers.com\/index.php\/wp-json\/wp\/v2\/media?parent=936"}],"curies":[{"name":"wp","href":"https:\/\/api.w.org\/{rel}","templated":true}]}}